{"id":596,"date":"2025-09-07T22:44:58","date_gmt":"2025-09-07T22:44:58","guid":{"rendered":"https:\/\/pureherbcbd.com\/?post_type=product&#038;p=596"},"modified":"2025-09-24T01:47:10","modified_gmt":"2025-09-24T01:47:10","slug":"volcano-hybrid-onyx","status":"publish","type":"product","link":"https:\/\/pureherbcbd.com\/?product=volcano-hybrid-onyx","title":{"rendered":"VOLCANO HYBRID Onyx"},"content":{"rendered":"","protected":false},"excerpt":{"rendered":"<p><span dir=\"auto\">La r\u00e9invention d&rsquo;une ic\u00f4ne.<\/span><br \/>\n<span dir=\"auto\">Le VOLCANO HYBRID pr\u00e9sente de nouvelles fonctionnalit\u00e9s int\u00e9ressantes, comme<\/span><\/p>\n<ul>\n<li><span dir=\"auto\">Inhalation par le kit de tube ou le ballonnet \u00e0 valve<\/span><\/li>\n<li><span dir=\"auto\">Les panneaux de commande sont int\u00e9gr\u00e9s dans le grand \u00e9cran et peuvent \u00eatre contr\u00f4l\u00e9s via un bouton tactile<\/span><\/li>\n<li><span dir=\"auto\">Contr\u00f4le de l&rsquo;application via\u00a0<\/span><a title=\"Application Web\" href=\"https:\/\/www.storz-bickel.com\/app\/web\"><span dir=\"auto\">S&amp;B WebApp<\/span><\/a><\/li>\n<li><span dir=\"auto\">Des mat\u00e9riaux de haute qualit\u00e9 et une finition de qualit\u00e9, comme vous en avez l&rsquo;habitude chez STORZ &amp; BICKEL, garantissent une longue dur\u00e9e de vie \u2013 Made in Germany.<\/span><\/li>\n<li><span dir=\"auto\">Garantie de 2 ans + 1 an de garantie lors de l&rsquo;enregistrement<\/span><\/li>\n<\/ul>\n","protected":false},"featured_media":642,"comment_status":"open","ping_status":"closed","template":"","meta":{"ocean_post_layout":"","ocean_both_sidebars_style":"","ocean_both_sidebars_content_width":0,"ocean_both_sidebars_sidebars_width":0,"ocean_sidebar":"0","ocean_second_sidebar":"0","ocean_disable_margins":"enable","ocean_add_body_class":"","ocean_shortcode_before_top_bar":"","ocean_shortcode_after_top_bar":"","ocean_shortcode_before_header":"","ocean_shortcode_after_header":"","ocean_has_shortcode":"","ocean_shortcode_after_title":"","ocean_shortcode_before_footer_widgets":"","ocean_shortcode_after_footer_widgets":"","ocean_shortcode_before_footer_bottom":"","ocean_shortcode_after_footer_bottom":"","ocean_display_top_bar":"default","ocean_display_header":"default","ocean_header_style":"","ocean_center_header_left_menu":"0","ocean_custom_header_template":"0","ocean_custom_logo":0,"ocean_custom_retina_logo":0,"ocean_custom_logo_max_width":0,"ocean_custom_logo_tablet_max_width":0,"ocean_custom_logo_mobile_max_width":0,"ocean_custom_logo_max_height":0,"ocean_custom_logo_tablet_max_height":0,"ocean_custom_logo_mobile_max_height":0,"ocean_header_custom_menu":"0","ocean_menu_typo_font_family":"0","ocean_menu_typo_font_subset":"","ocean_menu_typo_font_size":0,"ocean_menu_typo_font_size_tablet":0,"ocean_menu_typo_font_size_mobile":0,"ocean_menu_typo_font_size_unit":"px","ocean_menu_typo_font_weight":"","ocean_menu_typo_font_weight_tablet":"","ocean_menu_typo_font_weight_mobile":"","ocean_menu_typo_transform":"","ocean_menu_typo_transform_tablet":"","ocean_menu_typo_transform_mobile":"","ocean_menu_typo_line_height":0,"ocean_menu_typo_line_height_tablet":0,"ocean_menu_typo_line_height_mobile":0,"ocean_menu_typo_line_height_unit":"","ocean_menu_typo_spacing":0,"ocean_menu_typo_spacing_tablet":0,"ocean_menu_typo_spacing_mobile":0,"ocean_menu_typo_spacing_unit":"","ocean_menu_link_color":"","ocean_menu_link_color_hover":"","ocean_menu_link_color_active":"","ocean_menu_link_background":"","ocean_menu_link_hover_background":"","ocean_menu_link_active_background":"","ocean_menu_social_links_bg":"","ocean_menu_social_hover_links_bg":"","ocean_menu_social_links_color":"","ocean_menu_social_hover_links_color":"","ocean_disable_title":"default","ocean_disable_heading":"default","ocean_post_title":"","ocean_post_subheading":"","ocean_post_title_style":"","ocean_post_title_background_color":"","ocean_post_title_background":0,"ocean_post_title_bg_image_position":"","ocean_post_title_bg_image_attachment":"","ocean_post_title_bg_image_repeat":"","ocean_post_title_bg_image_size":"","ocean_post_title_height":0,"ocean_post_title_bg_overlay":0.5,"ocean_post_title_bg_overlay_color":"","ocean_disable_breadcrumbs":"default","ocean_breadcrumbs_color":"","ocean_breadcrumbs_separator_color":"","ocean_breadcrumbs_links_color":"","ocean_breadcrumbs_links_hover_color":"","ocean_display_footer_widgets":"default","ocean_display_footer_bottom":"default","ocean_custom_footer_template":"0"},"product_brand":[],"product_cat":[21],"product_tag":[],"class_list":{"0":"post-596","1":"product","2":"type-product","3":"status-publish","4":"has-post-thumbnail","6":"product_cat-accessoires","8":"entry","9":"has-media","11":"first","12":"instock","13":"shipping-taxable","14":"purchasable","15":"product-type-simple","16":"col","17":"span_1_of_3","18":"owp-content-center","19":"owp-thumbs-layout-horizontal","20":"owp-btn-normal","21":"owp-tabs-layout-horizontal"},"yoast_head":"<!-- This site is optimized with the Yoast SEO plugin v27.4 - https:\/\/yoast.com\/product\/yoast-seo-wordpress\/ -->\n<title>VOLCANO HYBRID Onyx - Pure Herb CBD | Huiles, Fleurs et R\u00e9sines Premium pour Bien-\u00eatre<\/title>\n<meta name=\"robots\" content=\"index, follow, max-snippet:-1, max-image-preview:large, max-video-preview:-1\" \/>\n<link rel=\"canonical\" href=\"https:\/\/pureherbcbd.com\/?product=volcano-hybrid-onyx\" \/>\n<meta property=\"og:locale\" content=\"fr_FR\" \/>\n<meta property=\"og:type\" content=\"article\" \/>\n<meta property=\"og:title\" content=\"VOLCANO HYBRID Onyx - Pure Herb CBD | Huiles, Fleurs et R\u00e9sines Premium pour Bien-\u00eatre\" \/>\n<meta property=\"og:description\" content=\"La r\u00e9invention d&#039;une ic\u00f4ne. Le VOLCANO HYBRID pr\u00e9sente de nouvelles fonctionnalit\u00e9s int\u00e9ressantes, comme   Inhalation par le kit de tube ou le ballonnet \u00e0 valve  Les panneaux de commande sont int\u00e9gr\u00e9s dans le grand \u00e9cran et peuvent \u00eatre contr\u00f4l\u00e9s via un bouton tactile  Contr\u00f4le de l&#039;application via\u00a0S&amp;B WebApp  Des mat\u00e9riaux de haute qualit\u00e9 et une finition de qualit\u00e9, comme vous en avez l&#039;habitude chez STORZ &amp; BICKEL, garantissent une longue dur\u00e9e de vie \u2013 Made in Germany.  Garantie de 2 ans + 1 an de garantie lors de l&#039;enregistrement\" \/>\n<meta property=\"og:url\" content=\"https:\/\/pureherbcbd.com\/?product=volcano-hybrid-onyx\" \/>\n<meta property=\"og:site_name\" content=\"Pure Herb CBD | Huiles, Fleurs et R\u00e9sines Premium pour Bien-\u00eatre\" \/>\n<meta property=\"article:modified_time\" content=\"2025-09-24T01:47:10+00:00\" \/>\n<meta property=\"og:image\" content=\"https:\/\/pureherbcbd.com\/wp-content\/uploads\/2025\/09\/01-01_01_4-1-e1758678420552.jpg\" \/>\n\t<meta property=\"og:image:width\" content=\"600\" \/>\n\t<meta property=\"og:image:height\" content=\"600\" \/>\n\t<meta property=\"og:image:type\" content=\"image\/jpeg\" \/>\n<meta name=\"twitter:card\" content=\"summary_large_image\" \/>\n<meta name=\"twitter:label1\" content=\"Dur\u00e9e de lecture estim\u00e9e\" \/>\n\t<meta name=\"twitter:data1\" content=\"1 minute\" \/>\n<script type=\"application\/ld+json\" class=\"yoast-schema-graph\">{\"@context\":\"https:\\\/\\\/schema.org\",\"@graph\":[{\"@type\":\"WebPage\",\"@id\":\"https:\\\/\\\/pureherbcbd.com\\\/?product=volcano-hybrid-onyx\",\"url\":\"https:\\\/\\\/pureherbcbd.com\\\/?product=volcano-hybrid-onyx\",\"name\":\"VOLCANO HYBRID Onyx - Pure Herb CBD | Huiles, Fleurs et R\u00e9sines Premium pour Bien-\u00eatre\",\"isPartOf\":{\"@id\":\"https:\\\/\\\/pureherbcbd.com\\\/#website\"},\"primaryImageOfPage\":{\"@id\":\"https:\\\/\\\/pureherbcbd.com\\\/?product=volcano-hybrid-onyx#primaryimage\"},\"image\":{\"@id\":\"https:\\\/\\\/pureherbcbd.com\\\/?product=volcano-hybrid-onyx#primaryimage\"},\"thumbnailUrl\":\"https:\\\/\\\/pureherbcbd.com\\\/wp-content\\\/uploads\\\/2025\\\/09\\\/01-01_01_4-1-e1758678420552.jpg\",\"datePublished\":\"2025-09-07T22:44:58+00:00\",\"dateModified\":\"2025-09-24T01:47:10+00:00\",\"breadcrumb\":{\"@id\":\"https:\\\/\\\/pureherbcbd.com\\\/?product=volcano-hybrid-onyx#breadcrumb\"},\"inLanguage\":\"fr-FR\",\"potentialAction\":[{\"@type\":\"ReadAction\",\"target\":[\"https:\\\/\\\/pureherbcbd.com\\\/?product=volcano-hybrid-onyx\"]}]},{\"@type\":\"ImageObject\",\"inLanguage\":\"fr-FR\",\"@id\":\"https:\\\/\\\/pureherbcbd.com\\\/?product=volcano-hybrid-onyx#primaryimage\",\"url\":\"https:\\\/\\\/pureherbcbd.com\\\/wp-content\\\/uploads\\\/2025\\\/09\\\/01-01_01_4-1-e1758678420552.jpg\",\"contentUrl\":\"https:\\\/\\\/pureherbcbd.com\\\/wp-content\\\/uploads\\\/2025\\\/09\\\/01-01_01_4-1-e1758678420552.jpg\",\"width\":600,\"height\":600},{\"@type\":\"BreadcrumbList\",\"@id\":\"https:\\\/\\\/pureherbcbd.com\\\/?product=volcano-hybrid-onyx#breadcrumb\",\"itemListElement\":[{\"@type\":\"ListItem\",\"position\":1,\"name\":\"Accueil\",\"item\":\"https:\\\/\\\/pureherbcbd.com\\\/\"},{\"@type\":\"ListItem\",\"position\":2,\"name\":\"Boutique I PureHerb CBD\",\"item\":\"https:\\\/\\\/pureherbcbd.com\\\/?page_id=47\"},{\"@type\":\"ListItem\",\"position\":3,\"name\":\"VOLCANO HYBRID Onyx\"}]},{\"@type\":\"WebSite\",\"@id\":\"https:\\\/\\\/pureherbcbd.com\\\/#website\",\"url\":\"https:\\\/\\\/pureherbcbd.com\\\/\",\"name\":\"PureHerb CBD\",\"description\":\"CBD\",\"publisher\":{\"@id\":\"https:\\\/\\\/pureherbcbd.com\\\/#organization\"},\"potentialAction\":[{\"@type\":\"SearchAction\",\"target\":{\"@type\":\"EntryPoint\",\"urlTemplate\":\"https:\\\/\\\/pureherbcbd.com\\\/?s={search_term_string}\"},\"query-input\":{\"@type\":\"PropertyValueSpecification\",\"valueRequired\":true,\"valueName\":\"search_term_string\"}}],\"inLanguage\":\"fr-FR\"},{\"@type\":\"Organization\",\"@id\":\"https:\\\/\\\/pureherbcbd.com\\\/#organization\",\"name\":\"PureHerb CBD\",\"url\":\"https:\\\/\\\/pureherbcbd.com\\\/\",\"logo\":{\"@type\":\"ImageObject\",\"inLanguage\":\"fr-FR\",\"@id\":\"https:\\\/\\\/pureherbcbd.com\\\/#\\\/schema\\\/logo\\\/image\\\/\",\"url\":\"https:\\\/\\\/pureherbcbd.com\\\/wp-content\\\/uploads\\\/2024\\\/12\\\/cropped-YO0zG-a3T8CTm3kgHrHKVw-1.png\",\"contentUrl\":\"https:\\\/\\\/pureherbcbd.com\\\/wp-content\\\/uploads\\\/2024\\\/12\\\/cropped-YO0zG-a3T8CTm3kgHrHKVw-1.png\",\"width\":1310,\"height\":443,\"caption\":\"PureHerb CBD\"},\"image\":{\"@id\":\"https:\\\/\\\/pureherbcbd.com\\\/#\\\/schema\\\/logo\\\/image\\\/\"}}]}<\/script>\n<!-- \/ Yoast SEO plugin. -->","yoast_head_json":{"title":"VOLCANO HYBRID Onyx - Pure Herb CBD | Huiles, Fleurs et R\u00e9sines Premium pour Bien-\u00eatre","robots":{"index":"index","follow":"follow","max-snippet":"max-snippet:-1","max-image-preview":"max-image-preview:large","max-video-preview":"max-video-preview:-1"},"canonical":"https:\/\/pureherbcbd.com\/?product=volcano-hybrid-onyx","og_locale":"fr_FR","og_type":"article","og_title":"VOLCANO HYBRID Onyx - Pure Herb CBD | Huiles, Fleurs et R\u00e9sines Premium pour Bien-\u00eatre","og_description":"La r\u00e9invention d'une ic\u00f4ne. Le VOLCANO HYBRID pr\u00e9sente de nouvelles fonctionnalit\u00e9s int\u00e9ressantes, comme   Inhalation par le kit de tube ou le ballonnet \u00e0 valve  Les panneaux de commande sont int\u00e9gr\u00e9s dans le grand \u00e9cran et peuvent \u00eatre contr\u00f4l\u00e9s via un bouton tactile  Contr\u00f4le de l'application via\u00a0S&amp;B WebApp  Des mat\u00e9riaux de haute qualit\u00e9 et une finition de qualit\u00e9, comme vous en avez l'habitude chez STORZ &amp; BICKEL, garantissent une longue dur\u00e9e de vie \u2013 Made in Germany.  Garantie de 2 ans + 1 an de garantie lors de l'enregistrement","og_url":"https:\/\/pureherbcbd.com\/?product=volcano-hybrid-onyx","og_site_name":"Pure Herb CBD | Huiles, Fleurs et R\u00e9sines Premium pour Bien-\u00eatre","article_modified_time":"2025-09-24T01:47:10+00:00","og_image":[{"width":600,"height":600,"url":"https:\/\/pureherbcbd.com\/wp-content\/uploads\/2025\/09\/01-01_01_4-1-e1758678420552.jpg","type":"image\/jpeg"}],"twitter_card":"summary_large_image","twitter_misc":{"Dur\u00e9e de lecture estim\u00e9e":"1 minute"},"schema":{"@context":"https:\/\/schema.org","@graph":[{"@type":"WebPage","@id":"https:\/\/pureherbcbd.com\/?product=volcano-hybrid-onyx","url":"https:\/\/pureherbcbd.com\/?product=volcano-hybrid-onyx","name":"VOLCANO HYBRID Onyx - Pure Herb CBD | Huiles, Fleurs et R\u00e9sines Premium pour Bien-\u00eatre","isPartOf":{"@id":"https:\/\/pureherbcbd.com\/#website"},"primaryImageOfPage":{"@id":"https:\/\/pureherbcbd.com\/?product=volcano-hybrid-onyx#primaryimage"},"image":{"@id":"https:\/\/pureherbcbd.com\/?product=volcano-hybrid-onyx#primaryimage"},"thumbnailUrl":"https:\/\/pureherbcbd.com\/wp-content\/uploads\/2025\/09\/01-01_01_4-1-e1758678420552.jpg","datePublished":"2025-09-07T22:44:58+00:00","dateModified":"2025-09-24T01:47:10+00:00","breadcrumb":{"@id":"https:\/\/pureherbcbd.com\/?product=volcano-hybrid-onyx#breadcrumb"},"inLanguage":"fr-FR","potentialAction":[{"@type":"ReadAction","target":["https:\/\/pureherbcbd.com\/?product=volcano-hybrid-onyx"]}]},{"@type":"ImageObject","inLanguage":"fr-FR","@id":"https:\/\/pureherbcbd.com\/?product=volcano-hybrid-onyx#primaryimage","url":"https:\/\/pureherbcbd.com\/wp-content\/uploads\/2025\/09\/01-01_01_4-1-e1758678420552.jpg","contentUrl":"https:\/\/pureherbcbd.com\/wp-content\/uploads\/2025\/09\/01-01_01_4-1-e1758678420552.jpg","width":600,"height":600},{"@type":"BreadcrumbList","@id":"https:\/\/pureherbcbd.com\/?product=volcano-hybrid-onyx#breadcrumb","itemListElement":[{"@type":"ListItem","position":1,"name":"Accueil","item":"https:\/\/pureherbcbd.com\/"},{"@type":"ListItem","position":2,"name":"Boutique I PureHerb CBD","item":"https:\/\/pureherbcbd.com\/?page_id=47"},{"@type":"ListItem","position":3,"name":"VOLCANO HYBRID Onyx"}]},{"@type":"WebSite","@id":"https:\/\/pureherbcbd.com\/#website","url":"https:\/\/pureherbcbd.com\/","name":"PureHerb CBD","description":"CBD","publisher":{"@id":"https:\/\/pureherbcbd.com\/#organization"},"potentialAction":[{"@type":"SearchAction","target":{"@type":"EntryPoint","urlTemplate":"https:\/\/pureherbcbd.com\/?s={search_term_string}"},"query-input":{"@type":"PropertyValueSpecification","valueRequired":true,"valueName":"search_term_string"}}],"inLanguage":"fr-FR"},{"@type":"Organization","@id":"https:\/\/pureherbcbd.com\/#organization","name":"PureHerb CBD","url":"https:\/\/pureherbcbd.com\/","logo":{"@type":"ImageObject","inLanguage":"fr-FR","@id":"https:\/\/pureherbcbd.com\/#\/schema\/logo\/image\/","url":"https:\/\/pureherbcbd.com\/wp-content\/uploads\/2024\/12\/cropped-YO0zG-a3T8CTm3kgHrHKVw-1.png","contentUrl":"https:\/\/pureherbcbd.com\/wp-content\/uploads\/2024\/12\/cropped-YO0zG-a3T8CTm3kgHrHKVw-1.png","width":1310,"height":443,"caption":"PureHerb CBD"},"image":{"@id":"https:\/\/pureherbcbd.com\/#\/schema\/logo\/image\/"}}]}},"_links":{"self":[{"href":"https:\/\/pureherbcbd.com\/index.php?rest_route=\/wp\/v2\/product\/596","targetHints":{"allow":["GET"]}}],"collection":[{"href":"https:\/\/pureherbcbd.com\/index.php?rest_route=\/wp\/v2\/product"}],"about":[{"href":"https:\/\/pureherbcbd.com\/index.php?rest_route=\/wp\/v2\/types\/product"}],"replies":[{"embeddable":true,"href":"https:\/\/pureherbcbd.com\/index.php?rest_route=%2Fwp%2Fv2%2Fcomments&post=596"}],"wp:featuredmedia":[{"embeddable":true,"href":"https:\/\/pureherbcbd.com\/index.php?rest_route=\/wp\/v2\/media\/642"}],"wp:attachment":[{"href":"https:\/\/pureherbcbd.com\/index.php?rest_route=%2Fwp%2Fv2%2Fmedia&parent=596"}],"wp:term":[{"taxonomy":"product_brand","embeddable":true,"href":"https:\/\/pureherbcbd.com\/index.php?rest_route=%2Fwp%2Fv2%2Fproduct_brand&post=596"},{"taxonomy":"product_cat","embeddable":true,"href":"https:\/\/pureherbcbd.com\/index.php?rest_route=%2Fwp%2Fv2%2Fproduct_cat&post=596"},{"taxonomy":"product_tag","embeddable":true,"href":"https:\/\/pureherbcbd.com\/index.php?rest_route=%2Fwp%2Fv2%2Fproduct_tag&post=596"}],"curies":[{"name":"wp","href":"https:\/\/api.w.org\/{rel}","templated":true}]}}