{"id":638,"date":"2025-09-24T01:33:38","date_gmt":"2025-09-24T01:33:38","guid":{"rendered":"https:\/\/pureherbcbd.com\/?post_type=product&#038;p=638"},"modified":"2025-09-24T01:40:01","modified_gmt":"2025-09-24T01:40:01","slug":"volcano-classic-onyx","status":"publish","type":"product","link":"https:\/\/pureherbcbd.com\/?product=volcano-classic-onyx","title":{"rendered":"VOLCANO CLASSIC Onyx"},"content":{"rendered":"","protected":false},"excerpt":{"rendered":"<p data-start=\"136\" data-end=\"344\">Le <strong data-start=\"166\" data-end=\"185\">VOLCANO CLASSIC<\/strong> s\u00e9duit par sa qualit\u00e9 \u00e9prouv\u00e9e et sa fiabilit\u00e9 l\u00e9gendaire. Depuis plus de 20 ans, il s\u2019impose comme la r\u00e9f\u00e9rence absolue dans le domaine de la vaporisation.<\/p>\n<ul data-start=\"346\" data-end=\"617\">\n<li data-start=\"346\" data-end=\"430\">\n<p data-start=\"348\" data-end=\"430\">Syst\u00e8me de chauffage brevet\u00e9 pour une extraction efficace et homog\u00e8ne des ar\u00f4mes<\/p>\n<\/li>\n<li data-start=\"431\" data-end=\"504\">\n<p data-start=\"433\" data-end=\"504\">Molette de r\u00e9glage simple pour un contr\u00f4le intuitif de la temp\u00e9rature<\/p>\n<\/li>\n<li data-start=\"505\" data-end=\"566\">\n<p data-start=\"507\" data-end=\"566\">Fabrication en mat\u00e9riaux haut de gamme, con\u00e7us pour durer<\/p>\n<\/li>\n<li data-start=\"567\" data-end=\"617\">\n<p data-start=\"569\" data-end=\"617\">Une r\u00e9f\u00e9rence intemporelle \u2013 <em data-start=\"598\" data-end=\"615\">Made in Germany<\/em><\/p>\n<\/li>\n<\/ul>\n<p data-start=\"619\" data-end=\"685\"><strong data-start=\"619\" data-end=\"683\">Garantie de 2 ans + 1 an suppl\u00e9mentaire apr\u00e8s enregistrement<\/strong><\/p>\n","protected":false},"featured_media":640,"comment_status":"open","ping_status":"closed","template":"","meta":{"ocean_post_layout":"","ocean_both_sidebars_style":"","ocean_both_sidebars_content_width":0,"ocean_both_sidebars_sidebars_width":0,"ocean_sidebar":"0","ocean_second_sidebar":"0","ocean_disable_margins":"enable","ocean_add_body_class":"","ocean_shortcode_before_top_bar":"","ocean_shortcode_after_top_bar":"","ocean_shortcode_before_header":"","ocean_shortcode_after_header":"","ocean_has_shortcode":"","ocean_shortcode_after_title":"","ocean_shortcode_before_footer_widgets":"","ocean_shortcode_after_footer_widgets":"","ocean_shortcode_before_footer_bottom":"","ocean_shortcode_after_footer_bottom":"","ocean_display_top_bar":"default","ocean_display_header":"default","ocean_header_style":"","ocean_center_header_left_menu":"0","ocean_custom_header_template":"0","ocean_custom_logo":0,"ocean_custom_retina_logo":0,"ocean_custom_logo_max_width":0,"ocean_custom_logo_tablet_max_width":0,"ocean_custom_logo_mobile_max_width":0,"ocean_custom_logo_max_height":0,"ocean_custom_logo_tablet_max_height":0,"ocean_custom_logo_mobile_max_height":0,"ocean_header_custom_menu":"0","ocean_menu_typo_font_family":"0","ocean_menu_typo_font_subset":"","ocean_menu_typo_font_size":0,"ocean_menu_typo_font_size_tablet":0,"ocean_menu_typo_font_size_mobile":0,"ocean_menu_typo_font_size_unit":"px","ocean_menu_typo_font_weight":"","ocean_menu_typo_font_weight_tablet":"","ocean_menu_typo_font_weight_mobile":"","ocean_menu_typo_transform":"","ocean_menu_typo_transform_tablet":"","ocean_menu_typo_transform_mobile":"","ocean_menu_typo_line_height":0,"ocean_menu_typo_line_height_tablet":0,"ocean_menu_typo_line_height_mobile":0,"ocean_menu_typo_line_height_unit":"","ocean_menu_typo_spacing":0,"ocean_menu_typo_spacing_tablet":0,"ocean_menu_typo_spacing_mobile":0,"ocean_menu_typo_spacing_unit":"","ocean_menu_link_color":"","ocean_menu_link_color_hover":"","ocean_menu_link_color_active":"","ocean_menu_link_background":"","ocean_menu_link_hover_background":"","ocean_menu_link_active_background":"","ocean_menu_social_links_bg":"","ocean_menu_social_hover_links_bg":"","ocean_menu_social_links_color":"","ocean_menu_social_hover_links_color":"","ocean_disable_title":"default","ocean_disable_heading":"default","ocean_post_title":"","ocean_post_subheading":"","ocean_post_title_style":"","ocean_post_title_background_color":"","ocean_post_title_background":0,"ocean_post_title_bg_image_position":"","ocean_post_title_bg_image_attachment":"","ocean_post_title_bg_image_repeat":"","ocean_post_title_bg_image_size":"","ocean_post_title_height":0,"ocean_post_title_bg_overlay":0.5,"ocean_post_title_bg_overlay_color":"","ocean_disable_breadcrumbs":"default","ocean_breadcrumbs_color":"","ocean_breadcrumbs_separator_color":"","ocean_breadcrumbs_links_color":"","ocean_breadcrumbs_links_hover_color":"","ocean_display_footer_widgets":"default","ocean_display_footer_bottom":"default","ocean_custom_footer_template":"0"},"product_brand":[],"product_cat":[21],"product_tag":[],"class_list":{"0":"post-638","1":"product","2":"type-product","3":"status-publish","4":"has-post-thumbnail","6":"product_cat-accessoires","8":"entry","9":"has-media","11":"first","12":"instock","13":"shipping-taxable","14":"purchasable","15":"product-type-simple","16":"col","17":"span_1_of_3","18":"owp-content-center","19":"owp-thumbs-layout-horizontal","20":"owp-btn-normal","21":"owp-tabs-layout-horizontal","22":"has-no-thumbnails"},"yoast_head":"<!-- This site is optimized with the Yoast SEO plugin v27.4 - https:\/\/yoast.com\/product\/yoast-seo-wordpress\/ -->\n<title>VOLCANO CLASSIC Onyx - Pure Herb CBD | Huiles, Fleurs et R\u00e9sines Premium pour Bien-\u00eatre<\/title>\n<meta name=\"robots\" content=\"index, follow, max-snippet:-1, max-image-preview:large, max-video-preview:-1\" \/>\n<link rel=\"canonical\" href=\"https:\/\/pureherbcbd.com\/?product=volcano-classic-onyx\" \/>\n<meta property=\"og:locale\" content=\"fr_FR\" \/>\n<meta property=\"og:type\" content=\"article\" \/>\n<meta property=\"og:title\" content=\"VOLCANO CLASSIC Onyx - Pure Herb CBD | Huiles, Fleurs et R\u00e9sines Premium pour Bien-\u00eatre\" \/>\n<meta property=\"og:description\" content=\"Le VOLCANO CLASSIC s\u00e9duit par sa qualit\u00e9 \u00e9prouv\u00e9e et sa fiabilit\u00e9 l\u00e9gendaire. Depuis plus de 20 ans, il s\u2019impose comme la r\u00e9f\u00e9rence absolue dans le domaine de la vaporisation.     Syst\u00e8me de chauffage brevet\u00e9 pour une extraction efficace et homog\u00e8ne des ar\u00f4mes    Molette de r\u00e9glage simple pour un contr\u00f4le intuitif de la temp\u00e9rature    Fabrication en mat\u00e9riaux haut de gamme, con\u00e7us pour durer    Une r\u00e9f\u00e9rence intemporelle \u2013 Made in Germany   Garantie de 2 ans + 1 an suppl\u00e9mentaire apr\u00e8s enregistrement\" \/>\n<meta property=\"og:url\" content=\"https:\/\/pureherbcbd.com\/?product=volcano-classic-onyx\" \/>\n<meta property=\"og:site_name\" content=\"Pure Herb CBD | Huiles, Fleurs et R\u00e9sines Premium pour Bien-\u00eatre\" \/>\n<meta property=\"article:modified_time\" content=\"2025-09-24T01:40:01+00:00\" \/>\n<meta property=\"og:image\" content=\"https:\/\/pureherbcbd.com\/wp-content\/uploads\/2025\/09\/volcano_classic_onyx_0000_01-01_01-1.jpg\" \/>\n\t<meta property=\"og:image:width\" content=\"700\" \/>\n\t<meta property=\"og:image:height\" content=\"700\" \/>\n\t<meta property=\"og:image:type\" content=\"image\/jpeg\" \/>\n<meta name=\"twitter:card\" content=\"summary_large_image\" \/>\n<meta name=\"twitter:label1\" content=\"Dur\u00e9e de lecture estim\u00e9e\" \/>\n\t<meta name=\"twitter:data1\" content=\"1 minute\" \/>\n<script type=\"application\/ld+json\" class=\"yoast-schema-graph\">{\"@context\":\"https:\\\/\\\/schema.org\",\"@graph\":[{\"@type\":\"WebPage\",\"@id\":\"https:\\\/\\\/pureherbcbd.com\\\/?product=volcano-classic-onyx\",\"url\":\"https:\\\/\\\/pureherbcbd.com\\\/?product=volcano-classic-onyx\",\"name\":\"VOLCANO CLASSIC Onyx - Pure Herb CBD | Huiles, Fleurs et R\u00e9sines Premium pour Bien-\u00eatre\",\"isPartOf\":{\"@id\":\"https:\\\/\\\/pureherbcbd.com\\\/#website\"},\"primaryImageOfPage\":{\"@id\":\"https:\\\/\\\/pureherbcbd.com\\\/?product=volcano-classic-onyx#primaryimage\"},\"image\":{\"@id\":\"https:\\\/\\\/pureherbcbd.com\\\/?product=volcano-classic-onyx#primaryimage\"},\"thumbnailUrl\":\"https:\\\/\\\/pureherbcbd.com\\\/wp-content\\\/uploads\\\/2025\\\/09\\\/volcano_classic_onyx_0000_01-01_01-1.jpg\",\"datePublished\":\"2025-09-24T01:33:38+00:00\",\"dateModified\":\"2025-09-24T01:40:01+00:00\",\"breadcrumb\":{\"@id\":\"https:\\\/\\\/pureherbcbd.com\\\/?product=volcano-classic-onyx#breadcrumb\"},\"inLanguage\":\"fr-FR\",\"potentialAction\":[{\"@type\":\"ReadAction\",\"target\":[\"https:\\\/\\\/pureherbcbd.com\\\/?product=volcano-classic-onyx\"]}]},{\"@type\":\"ImageObject\",\"inLanguage\":\"fr-FR\",\"@id\":\"https:\\\/\\\/pureherbcbd.com\\\/?product=volcano-classic-onyx#primaryimage\",\"url\":\"https:\\\/\\\/pureherbcbd.com\\\/wp-content\\\/uploads\\\/2025\\\/09\\\/volcano_classic_onyx_0000_01-01_01-1.jpg\",\"contentUrl\":\"https:\\\/\\\/pureherbcbd.com\\\/wp-content\\\/uploads\\\/2025\\\/09\\\/volcano_classic_onyx_0000_01-01_01-1.jpg\",\"width\":700,\"height\":700},{\"@type\":\"BreadcrumbList\",\"@id\":\"https:\\\/\\\/pureherbcbd.com\\\/?product=volcano-classic-onyx#breadcrumb\",\"itemListElement\":[{\"@type\":\"ListItem\",\"position\":1,\"name\":\"Accueil\",\"item\":\"https:\\\/\\\/pureherbcbd.com\\\/\"},{\"@type\":\"ListItem\",\"position\":2,\"name\":\"Boutique I PureHerb CBD\",\"item\":\"https:\\\/\\\/pureherbcbd.com\\\/?page_id=47\"},{\"@type\":\"ListItem\",\"position\":3,\"name\":\"VOLCANO CLASSIC Onyx\"}]},{\"@type\":\"WebSite\",\"@id\":\"https:\\\/\\\/pureherbcbd.com\\\/#website\",\"url\":\"https:\\\/\\\/pureherbcbd.com\\\/\",\"name\":\"PureHerb CBD\",\"description\":\"CBD\",\"publisher\":{\"@id\":\"https:\\\/\\\/pureherbcbd.com\\\/#organization\"},\"potentialAction\":[{\"@type\":\"SearchAction\",\"target\":{\"@type\":\"EntryPoint\",\"urlTemplate\":\"https:\\\/\\\/pureherbcbd.com\\\/?s={search_term_string}\"},\"query-input\":{\"@type\":\"PropertyValueSpecification\",\"valueRequired\":true,\"valueName\":\"search_term_string\"}}],\"inLanguage\":\"fr-FR\"},{\"@type\":\"Organization\",\"@id\":\"https:\\\/\\\/pureherbcbd.com\\\/#organization\",\"name\":\"PureHerb CBD\",\"url\":\"https:\\\/\\\/pureherbcbd.com\\\/\",\"logo\":{\"@type\":\"ImageObject\",\"inLanguage\":\"fr-FR\",\"@id\":\"https:\\\/\\\/pureherbcbd.com\\\/#\\\/schema\\\/logo\\\/image\\\/\",\"url\":\"https:\\\/\\\/pureherbcbd.com\\\/wp-content\\\/uploads\\\/2024\\\/12\\\/cropped-YO0zG-a3T8CTm3kgHrHKVw-1.png\",\"contentUrl\":\"https:\\\/\\\/pureherbcbd.com\\\/wp-content\\\/uploads\\\/2024\\\/12\\\/cropped-YO0zG-a3T8CTm3kgHrHKVw-1.png\",\"width\":1310,\"height\":443,\"caption\":\"PureHerb CBD\"},\"image\":{\"@id\":\"https:\\\/\\\/pureherbcbd.com\\\/#\\\/schema\\\/logo\\\/image\\\/\"}}]}<\/script>\n<!-- \/ Yoast SEO plugin. -->","yoast_head_json":{"title":"VOLCANO CLASSIC Onyx - Pure Herb CBD | Huiles, Fleurs et R\u00e9sines Premium pour Bien-\u00eatre","robots":{"index":"index","follow":"follow","max-snippet":"max-snippet:-1","max-image-preview":"max-image-preview:large","max-video-preview":"max-video-preview:-1"},"canonical":"https:\/\/pureherbcbd.com\/?product=volcano-classic-onyx","og_locale":"fr_FR","og_type":"article","og_title":"VOLCANO CLASSIC Onyx - Pure Herb CBD | Huiles, Fleurs et R\u00e9sines Premium pour Bien-\u00eatre","og_description":"Le VOLCANO CLASSIC s\u00e9duit par sa qualit\u00e9 \u00e9prouv\u00e9e et sa fiabilit\u00e9 l\u00e9gendaire. Depuis plus de 20 ans, il s\u2019impose comme la r\u00e9f\u00e9rence absolue dans le domaine de la vaporisation.     Syst\u00e8me de chauffage brevet\u00e9 pour une extraction efficace et homog\u00e8ne des ar\u00f4mes    Molette de r\u00e9glage simple pour un contr\u00f4le intuitif de la temp\u00e9rature    Fabrication en mat\u00e9riaux haut de gamme, con\u00e7us pour durer    Une r\u00e9f\u00e9rence intemporelle \u2013 Made in Germany   Garantie de 2 ans + 1 an suppl\u00e9mentaire apr\u00e8s enregistrement","og_url":"https:\/\/pureherbcbd.com\/?product=volcano-classic-onyx","og_site_name":"Pure Herb CBD | Huiles, Fleurs et R\u00e9sines Premium pour Bien-\u00eatre","article_modified_time":"2025-09-24T01:40:01+00:00","og_image":[{"width":700,"height":700,"url":"https:\/\/pureherbcbd.com\/wp-content\/uploads\/2025\/09\/volcano_classic_onyx_0000_01-01_01-1.jpg","type":"image\/jpeg"}],"twitter_card":"summary_large_image","twitter_misc":{"Dur\u00e9e de lecture estim\u00e9e":"1 minute"},"schema":{"@context":"https:\/\/schema.org","@graph":[{"@type":"WebPage","@id":"https:\/\/pureherbcbd.com\/?product=volcano-classic-onyx","url":"https:\/\/pureherbcbd.com\/?product=volcano-classic-onyx","name":"VOLCANO CLASSIC Onyx - Pure Herb CBD | Huiles, Fleurs et R\u00e9sines Premium pour Bien-\u00eatre","isPartOf":{"@id":"https:\/\/pureherbcbd.com\/#website"},"primaryImageOfPage":{"@id":"https:\/\/pureherbcbd.com\/?product=volcano-classic-onyx#primaryimage"},"image":{"@id":"https:\/\/pureherbcbd.com\/?product=volcano-classic-onyx#primaryimage"},"thumbnailUrl":"https:\/\/pureherbcbd.com\/wp-content\/uploads\/2025\/09\/volcano_classic_onyx_0000_01-01_01-1.jpg","datePublished":"2025-09-24T01:33:38+00:00","dateModified":"2025-09-24T01:40:01+00:00","breadcrumb":{"@id":"https:\/\/pureherbcbd.com\/?product=volcano-classic-onyx#breadcrumb"},"inLanguage":"fr-FR","potentialAction":[{"@type":"ReadAction","target":["https:\/\/pureherbcbd.com\/?product=volcano-classic-onyx"]}]},{"@type":"ImageObject","inLanguage":"fr-FR","@id":"https:\/\/pureherbcbd.com\/?product=volcano-classic-onyx#primaryimage","url":"https:\/\/pureherbcbd.com\/wp-content\/uploads\/2025\/09\/volcano_classic_onyx_0000_01-01_01-1.jpg","contentUrl":"https:\/\/pureherbcbd.com\/wp-content\/uploads\/2025\/09\/volcano_classic_onyx_0000_01-01_01-1.jpg","width":700,"height":700},{"@type":"BreadcrumbList","@id":"https:\/\/pureherbcbd.com\/?product=volcano-classic-onyx#breadcrumb","itemListElement":[{"@type":"ListItem","position":1,"name":"Accueil","item":"https:\/\/pureherbcbd.com\/"},{"@type":"ListItem","position":2,"name":"Boutique I PureHerb CBD","item":"https:\/\/pureherbcbd.com\/?page_id=47"},{"@type":"ListItem","position":3,"name":"VOLCANO CLASSIC Onyx"}]},{"@type":"WebSite","@id":"https:\/\/pureherbcbd.com\/#website","url":"https:\/\/pureherbcbd.com\/","name":"PureHerb CBD","description":"CBD","publisher":{"@id":"https:\/\/pureherbcbd.com\/#organization"},"potentialAction":[{"@type":"SearchAction","target":{"@type":"EntryPoint","urlTemplate":"https:\/\/pureherbcbd.com\/?s={search_term_string}"},"query-input":{"@type":"PropertyValueSpecification","valueRequired":true,"valueName":"search_term_string"}}],"inLanguage":"fr-FR"},{"@type":"Organization","@id":"https:\/\/pureherbcbd.com\/#organization","name":"PureHerb CBD","url":"https:\/\/pureherbcbd.com\/","logo":{"@type":"ImageObject","inLanguage":"fr-FR","@id":"https:\/\/pureherbcbd.com\/#\/schema\/logo\/image\/","url":"https:\/\/pureherbcbd.com\/wp-content\/uploads\/2024\/12\/cropped-YO0zG-a3T8CTm3kgHrHKVw-1.png","contentUrl":"https:\/\/pureherbcbd.com\/wp-content\/uploads\/2024\/12\/cropped-YO0zG-a3T8CTm3kgHrHKVw-1.png","width":1310,"height":443,"caption":"PureHerb CBD"},"image":{"@id":"https:\/\/pureherbcbd.com\/#\/schema\/logo\/image\/"}}]}},"_links":{"self":[{"href":"https:\/\/pureherbcbd.com\/index.php?rest_route=\/wp\/v2\/product\/638","targetHints":{"allow":["GET"]}}],"collection":[{"href":"https:\/\/pureherbcbd.com\/index.php?rest_route=\/wp\/v2\/product"}],"about":[{"href":"https:\/\/pureherbcbd.com\/index.php?rest_route=\/wp\/v2\/types\/product"}],"replies":[{"embeddable":true,"href":"https:\/\/pureherbcbd.com\/index.php?rest_route=%2Fwp%2Fv2%2Fcomments&post=638"}],"wp:featuredmedia":[{"embeddable":true,"href":"https:\/\/pureherbcbd.com\/index.php?rest_route=\/wp\/v2\/media\/640"}],"wp:attachment":[{"href":"https:\/\/pureherbcbd.com\/index.php?rest_route=%2Fwp%2Fv2%2Fmedia&parent=638"}],"wp:term":[{"taxonomy":"product_brand","embeddable":true,"href":"https:\/\/pureherbcbd.com\/index.php?rest_route=%2Fwp%2Fv2%2Fproduct_brand&post=638"},{"taxonomy":"product_cat","embeddable":true,"href":"https:\/\/pureherbcbd.com\/index.php?rest_route=%2Fwp%2Fv2%2Fproduct_cat&post=638"},{"taxonomy":"product_tag","embeddable":true,"href":"https:\/\/pureherbcbd.com\/index.php?rest_route=%2Fwp%2Fv2%2Fproduct_tag&post=638"}],"curies":[{"name":"wp","href":"https:\/\/api.w.org\/{rel}","templated":true}]}}