{"id":665,"date":"2026-02-26T16:42:36","date_gmt":"2026-02-26T16:42:36","guid":{"rendered":"https:\/\/pureherbcbd.com\/?post_type=product&#038;p=665"},"modified":"2026-02-26T16:43:14","modified_gmt":"2026-02-26T16:43:14","slug":"amnesia","status":"publish","type":"product","link":"https:\/\/pureherbcbd.com\/?product=amnesia","title":{"rendered":"Amnesia"},"content":{"rendered":"<p style=\"text-align: center;\">PureHerb propose une gamme compl\u00e8te de produits CBD premium pour am\u00e9liorer votre bien-\u00eatre au quotidien.<\/p>\n<p style=\"text-align: center;\">Nous cultivons le chanvre de mani\u00e8re responsable, sans pesticides ni produits chimiques, pour vous offrir des huiles, fleurs, infusions et cosm\u00e9tiques de qualit\u00e9 sup\u00e9rieure.<\/p>\n<p style=\"text-align: center;\">Nous testons chaque produit en laboratoire pour garantir sa puret\u00e9, sa s\u00e9curit\u00e9 et son efficacit\u00e9. Vous b\u00e9n\u00e9ficiez ainsi de r\u00e9sultats optimaux et d\u2019une exp\u00e9rience de consommation agr\u00e9able.<\/p>\n<p style=\"text-align: center;\">Le CBD, reconnu pour ses vertus apaisantes, anti-inflammatoires et relaxantes, vous aide \u00e0 soulager le stress, l\u2019anxi\u00e9t\u00e9, la douleur et \u00e0 am\u00e9liorer la qualit\u00e9 de votre sommeil.<\/p>\n<p style=\"text-align: center;\">PureHerb vous fournit des produits 100% naturels, sans THC, pour respecter votre bien-\u00eatre. Nos solutions sont con\u00e7ues pour r\u00e9pondre \u00e0 vos besoins et vous offrir des bienfaits durables. Que vous soyez novice ou expert, PureHerb vous accompagne dans votre d\u00e9marche de bien-\u00eatre.<\/p>\n<p style=\"text-align: center;\">D\u00e9couvrez l\u2019univers PureHerb et laissez-vous envelopper par les bienfaits de la nature.<\/p>\n","protected":false},"excerpt":{"rendered":"<p data-start=\"0\" data-end=\"216\">Notre <strong data-start=\"6\" data-end=\"24\">Amesia Premium<\/strong> de <span class=\"hover:entity-accent entity-underline inline cursor-pointer align-baseline\"><span class=\"whitespace-normal\">PureHerb<\/span><\/span> est appr\u00e9ci\u00e9e pour son profil relaxant et son effet apaisant, id\u00e9ale pour accompagner les moments de stress et favoriser la d\u00e9tente en fin de journ\u00e9e.<\/p>\n<p data-start=\"218\" data-end=\"518\">Avec ses ar\u00f4mes d\u00e9licatement herbac\u00e9s et l\u00e9g\u00e8rement \u00e9pic\u00e9s, la <span class=\"hover:entity-accent entity-underline inline cursor-pointer align-baseline\"><span class=\"whitespace-normal\">Amnesia<\/span><\/span> revisite un grand classique dans une version riche en CBD. Elle est particuli\u00e8rement pris\u00e9e par celles et ceux qui recherchent une sensation de calme et de s\u00e9r\u00e9nit\u00e9, propice \u00e0 un repos plus paisible.<\/p>\n<p data-start=\"520\" data-end=\"628\" data-is-last-node=\"\" data-is-only-node=\"\">Sa teneur en CBD est de 12 %, pour une relaxation douce et \u00e9quilibr\u00e9e, sans effets psychoactifs marqu\u00e9s. \ud83c\udf3f\u2728<\/p>\n","protected":false},"featured_media":666,"comment_status":"open","ping_status":"closed","template":"","meta":{"ocean_post_layout":"","ocean_both_sidebars_style":"","ocean_both_sidebars_content_width":0,"ocean_both_sidebars_sidebars_width":0,"ocean_sidebar":"0","ocean_second_sidebar":"0","ocean_disable_margins":"enable","ocean_add_body_class":"","ocean_shortcode_before_top_bar":"","ocean_shortcode_after_top_bar":"","ocean_shortcode_before_header":"","ocean_shortcode_after_header":"","ocean_has_shortcode":"","ocean_shortcode_after_title":"","ocean_shortcode_before_footer_widgets":"","ocean_shortcode_after_footer_widgets":"","ocean_shortcode_before_footer_bottom":"","ocean_shortcode_after_footer_bottom":"","ocean_display_top_bar":"default","ocean_display_header":"default","ocean_header_style":"","ocean_center_header_left_menu":"0","ocean_custom_header_template":"0","ocean_custom_logo":0,"ocean_custom_retina_logo":0,"ocean_custom_logo_max_width":0,"ocean_custom_logo_tablet_max_width":0,"ocean_custom_logo_mobile_max_width":0,"ocean_custom_logo_max_height":0,"ocean_custom_logo_tablet_max_height":0,"ocean_custom_logo_mobile_max_height":0,"ocean_header_custom_menu":"0","ocean_menu_typo_font_family":"0","ocean_menu_typo_font_subset":"","ocean_menu_typo_font_size":0,"ocean_menu_typo_font_size_tablet":0,"ocean_menu_typo_font_size_mobile":0,"ocean_menu_typo_font_size_unit":"px","ocean_menu_typo_font_weight":"","ocean_menu_typo_font_weight_tablet":"","ocean_menu_typo_font_weight_mobile":"","ocean_menu_typo_transform":"","ocean_menu_typo_transform_tablet":"","ocean_menu_typo_transform_mobile":"","ocean_menu_typo_line_height":0,"ocean_menu_typo_line_height_tablet":0,"ocean_menu_typo_line_height_mobile":0,"ocean_menu_typo_line_height_unit":"","ocean_menu_typo_spacing":0,"ocean_menu_typo_spacing_tablet":0,"ocean_menu_typo_spacing_mobile":0,"ocean_menu_typo_spacing_unit":"","ocean_menu_link_color":"","ocean_menu_link_color_hover":"","ocean_menu_link_color_active":"","ocean_menu_link_background":"","ocean_menu_link_hover_background":"","ocean_menu_link_active_background":"","ocean_menu_social_links_bg":"","ocean_menu_social_hover_links_bg":"","ocean_menu_social_links_color":"","ocean_menu_social_hover_links_color":"","ocean_disable_title":"default","ocean_disable_heading":"default","ocean_post_title":"","ocean_post_subheading":"","ocean_post_title_style":"","ocean_post_title_background_color":"","ocean_post_title_background":0,"ocean_post_title_bg_image_position":"","ocean_post_title_bg_image_attachment":"","ocean_post_title_bg_image_repeat":"","ocean_post_title_bg_image_size":"","ocean_post_title_height":0,"ocean_post_title_bg_overlay":0.5,"ocean_post_title_bg_overlay_color":"","ocean_disable_breadcrumbs":"default","ocean_breadcrumbs_color":"","ocean_breadcrumbs_separator_color":"","ocean_breadcrumbs_links_color":"","ocean_breadcrumbs_links_hover_color":"","ocean_display_footer_widgets":"default","ocean_display_footer_bottom":"default","ocean_custom_footer_template":"0"},"product_brand":[],"product_cat":[17],"product_tag":[],"class_list":{"0":"post-665","1":"product","2":"type-product","3":"status-publish","4":"has-post-thumbnail","6":"product_cat-fleurs","8":"entry","9":"has-media","11":"first","12":"instock","13":"shipping-taxable","14":"purchasable","15":"product-type-simple","16":"col","17":"span_1_of_3","18":"owp-content-center","19":"owp-thumbs-layout-horizontal","20":"owp-btn-normal","21":"owp-tabs-layout-horizontal","22":"has-no-thumbnails"},"yoast_head":"<!-- This site is optimized with the Yoast SEO plugin v27.4 - https:\/\/yoast.com\/product\/yoast-seo-wordpress\/ -->\n<title>Amnesia - Pure Herb CBD | Huiles, Fleurs et R\u00e9sines Premium pour Bien-\u00eatre<\/title>\n<meta name=\"robots\" content=\"index, follow, max-snippet:-1, max-image-preview:large, max-video-preview:-1\" \/>\n<link rel=\"canonical\" href=\"https:\/\/pureherbcbd.com\/?product=amnesia\" \/>\n<meta property=\"og:locale\" content=\"fr_FR\" \/>\n<meta property=\"og:type\" content=\"article\" \/>\n<meta property=\"og:title\" content=\"Amnesia - Pure Herb CBD | Huiles, Fleurs et R\u00e9sines Premium pour Bien-\u00eatre\" \/>\n<meta property=\"og:description\" content=\"Notre Amesia Premium de PureHerb est appr\u00e9ci\u00e9e pour son profil relaxant et son effet apaisant, id\u00e9ale pour accompagner les moments de stress et favoriser la d\u00e9tente en fin de journ\u00e9e. Avec ses ar\u00f4mes d\u00e9licatement herbac\u00e9s et l\u00e9g\u00e8rement \u00e9pic\u00e9s, la Amnesia revisite un grand classique dans une version riche en CBD. Elle est particuli\u00e8rement pris\u00e9e par celles et ceux qui recherchent une sensation de calme et de s\u00e9r\u00e9nit\u00e9, propice \u00e0 un repos plus paisible. Sa teneur en CBD est de 12 %, pour une relaxation douce et \u00e9quilibr\u00e9e, sans effets psychoactifs marqu\u00e9s. \ud83c\udf3f\u2728\" \/>\n<meta property=\"og:url\" content=\"https:\/\/pureherbcbd.com\/?product=amnesia\" \/>\n<meta property=\"og:site_name\" content=\"Pure Herb CBD | Huiles, Fleurs et R\u00e9sines Premium pour Bien-\u00eatre\" \/>\n<meta property=\"article:modified_time\" content=\"2026-02-26T16:43:14+00:00\" \/>\n<meta property=\"og:image\" content=\"https:\/\/pureherbcbd.com\/wp-content\/uploads\/2026\/02\/Amnesia-CBD.webp\" \/>\n\t<meta property=\"og:image:width\" content=\"990\" \/>\n\t<meta property=\"og:image:height\" content=\"990\" \/>\n\t<meta property=\"og:image:type\" content=\"image\/webp\" \/>\n<meta name=\"twitter:card\" content=\"summary_large_image\" \/>\n<meta name=\"twitter:label1\" content=\"Dur\u00e9e de lecture estim\u00e9e\" \/>\n\t<meta name=\"twitter:data1\" content=\"1 minute\" \/>\n<script type=\"application\/ld+json\" class=\"yoast-schema-graph\">{\"@context\":\"https:\\\/\\\/schema.org\",\"@graph\":[{\"@type\":\"WebPage\",\"@id\":\"https:\\\/\\\/pureherbcbd.com\\\/?product=amnesia\",\"url\":\"https:\\\/\\\/pureherbcbd.com\\\/?product=amnesia\",\"name\":\"Amnesia - Pure Herb CBD | Huiles, Fleurs et R\u00e9sines Premium pour Bien-\u00eatre\",\"isPartOf\":{\"@id\":\"https:\\\/\\\/pureherbcbd.com\\\/#website\"},\"primaryImageOfPage\":{\"@id\":\"https:\\\/\\\/pureherbcbd.com\\\/?product=amnesia#primaryimage\"},\"image\":{\"@id\":\"https:\\\/\\\/pureherbcbd.com\\\/?product=amnesia#primaryimage\"},\"thumbnailUrl\":\"https:\\\/\\\/pureherbcbd.com\\\/wp-content\\\/uploads\\\/2026\\\/02\\\/Amnesia-CBD.webp\",\"datePublished\":\"2026-02-26T16:42:36+00:00\",\"dateModified\":\"2026-02-26T16:43:14+00:00\",\"breadcrumb\":{\"@id\":\"https:\\\/\\\/pureherbcbd.com\\\/?product=amnesia#breadcrumb\"},\"inLanguage\":\"fr-FR\",\"potentialAction\":[{\"@type\":\"ReadAction\",\"target\":[\"https:\\\/\\\/pureherbcbd.com\\\/?product=amnesia\"]}]},{\"@type\":\"ImageObject\",\"inLanguage\":\"fr-FR\",\"@id\":\"https:\\\/\\\/pureherbcbd.com\\\/?product=amnesia#primaryimage\",\"url\":\"https:\\\/\\\/pureherbcbd.com\\\/wp-content\\\/uploads\\\/2026\\\/02\\\/Amnesia-CBD.webp\",\"contentUrl\":\"https:\\\/\\\/pureherbcbd.com\\\/wp-content\\\/uploads\\\/2026\\\/02\\\/Amnesia-CBD.webp\",\"width\":990,\"height\":990},{\"@type\":\"BreadcrumbList\",\"@id\":\"https:\\\/\\\/pureherbcbd.com\\\/?product=amnesia#breadcrumb\",\"itemListElement\":[{\"@type\":\"ListItem\",\"position\":1,\"name\":\"Accueil\",\"item\":\"https:\\\/\\\/pureherbcbd.com\\\/\"},{\"@type\":\"ListItem\",\"position\":2,\"name\":\"Boutique I PureHerb CBD\",\"item\":\"https:\\\/\\\/pureherbcbd.com\\\/?page_id=47\"},{\"@type\":\"ListItem\",\"position\":3,\"name\":\"Amnesia\"}]},{\"@type\":\"WebSite\",\"@id\":\"https:\\\/\\\/pureherbcbd.com\\\/#website\",\"url\":\"https:\\\/\\\/pureherbcbd.com\\\/\",\"name\":\"PureHerb CBD\",\"description\":\"CBD\",\"publisher\":{\"@id\":\"https:\\\/\\\/pureherbcbd.com\\\/#organization\"},\"potentialAction\":[{\"@type\":\"SearchAction\",\"target\":{\"@type\":\"EntryPoint\",\"urlTemplate\":\"https:\\\/\\\/pureherbcbd.com\\\/?s={search_term_string}\"},\"query-input\":{\"@type\":\"PropertyValueSpecification\",\"valueRequired\":true,\"valueName\":\"search_term_string\"}}],\"inLanguage\":\"fr-FR\"},{\"@type\":\"Organization\",\"@id\":\"https:\\\/\\\/pureherbcbd.com\\\/#organization\",\"name\":\"PureHerb CBD\",\"url\":\"https:\\\/\\\/pureherbcbd.com\\\/\",\"logo\":{\"@type\":\"ImageObject\",\"inLanguage\":\"fr-FR\",\"@id\":\"https:\\\/\\\/pureherbcbd.com\\\/#\\\/schema\\\/logo\\\/image\\\/\",\"url\":\"https:\\\/\\\/pureherbcbd.com\\\/wp-content\\\/uploads\\\/2024\\\/12\\\/cropped-YO0zG-a3T8CTm3kgHrHKVw-1.png\",\"contentUrl\":\"https:\\\/\\\/pureherbcbd.com\\\/wp-content\\\/uploads\\\/2024\\\/12\\\/cropped-YO0zG-a3T8CTm3kgHrHKVw-1.png\",\"width\":1310,\"height\":443,\"caption\":\"PureHerb CBD\"},\"image\":{\"@id\":\"https:\\\/\\\/pureherbcbd.com\\\/#\\\/schema\\\/logo\\\/image\\\/\"}}]}<\/script>\n<!-- \/ Yoast SEO plugin. -->","yoast_head_json":{"title":"Amnesia - Pure Herb CBD | Huiles, Fleurs et R\u00e9sines Premium pour Bien-\u00eatre","robots":{"index":"index","follow":"follow","max-snippet":"max-snippet:-1","max-image-preview":"max-image-preview:large","max-video-preview":"max-video-preview:-1"},"canonical":"https:\/\/pureherbcbd.com\/?product=amnesia","og_locale":"fr_FR","og_type":"article","og_title":"Amnesia - Pure Herb CBD | Huiles, Fleurs et R\u00e9sines Premium pour Bien-\u00eatre","og_description":"Notre Amesia Premium de PureHerb est appr\u00e9ci\u00e9e pour son profil relaxant et son effet apaisant, id\u00e9ale pour accompagner les moments de stress et favoriser la d\u00e9tente en fin de journ\u00e9e. Avec ses ar\u00f4mes d\u00e9licatement herbac\u00e9s et l\u00e9g\u00e8rement \u00e9pic\u00e9s, la Amnesia revisite un grand classique dans une version riche en CBD. Elle est particuli\u00e8rement pris\u00e9e par celles et ceux qui recherchent une sensation de calme et de s\u00e9r\u00e9nit\u00e9, propice \u00e0 un repos plus paisible. Sa teneur en CBD est de 12 %, pour une relaxation douce et \u00e9quilibr\u00e9e, sans effets psychoactifs marqu\u00e9s. \ud83c\udf3f\u2728","og_url":"https:\/\/pureherbcbd.com\/?product=amnesia","og_site_name":"Pure Herb CBD | Huiles, Fleurs et R\u00e9sines Premium pour Bien-\u00eatre","article_modified_time":"2026-02-26T16:43:14+00:00","og_image":[{"width":990,"height":990,"url":"https:\/\/pureherbcbd.com\/wp-content\/uploads\/2026\/02\/Amnesia-CBD.webp","type":"image\/webp"}],"twitter_card":"summary_large_image","twitter_misc":{"Dur\u00e9e de lecture estim\u00e9e":"1 minute"},"schema":{"@context":"https:\/\/schema.org","@graph":[{"@type":"WebPage","@id":"https:\/\/pureherbcbd.com\/?product=amnesia","url":"https:\/\/pureherbcbd.com\/?product=amnesia","name":"Amnesia - Pure Herb CBD | Huiles, Fleurs et R\u00e9sines Premium pour Bien-\u00eatre","isPartOf":{"@id":"https:\/\/pureherbcbd.com\/#website"},"primaryImageOfPage":{"@id":"https:\/\/pureherbcbd.com\/?product=amnesia#primaryimage"},"image":{"@id":"https:\/\/pureherbcbd.com\/?product=amnesia#primaryimage"},"thumbnailUrl":"https:\/\/pureherbcbd.com\/wp-content\/uploads\/2026\/02\/Amnesia-CBD.webp","datePublished":"2026-02-26T16:42:36+00:00","dateModified":"2026-02-26T16:43:14+00:00","breadcrumb":{"@id":"https:\/\/pureherbcbd.com\/?product=amnesia#breadcrumb"},"inLanguage":"fr-FR","potentialAction":[{"@type":"ReadAction","target":["https:\/\/pureherbcbd.com\/?product=amnesia"]}]},{"@type":"ImageObject","inLanguage":"fr-FR","@id":"https:\/\/pureherbcbd.com\/?product=amnesia#primaryimage","url":"https:\/\/pureherbcbd.com\/wp-content\/uploads\/2026\/02\/Amnesia-CBD.webp","contentUrl":"https:\/\/pureherbcbd.com\/wp-content\/uploads\/2026\/02\/Amnesia-CBD.webp","width":990,"height":990},{"@type":"BreadcrumbList","@id":"https:\/\/pureherbcbd.com\/?product=amnesia#breadcrumb","itemListElement":[{"@type":"ListItem","position":1,"name":"Accueil","item":"https:\/\/pureherbcbd.com\/"},{"@type":"ListItem","position":2,"name":"Boutique I PureHerb CBD","item":"https:\/\/pureherbcbd.com\/?page_id=47"},{"@type":"ListItem","position":3,"name":"Amnesia"}]},{"@type":"WebSite","@id":"https:\/\/pureherbcbd.com\/#website","url":"https:\/\/pureherbcbd.com\/","name":"PureHerb CBD","description":"CBD","publisher":{"@id":"https:\/\/pureherbcbd.com\/#organization"},"potentialAction":[{"@type":"SearchAction","target":{"@type":"EntryPoint","urlTemplate":"https:\/\/pureherbcbd.com\/?s={search_term_string}"},"query-input":{"@type":"PropertyValueSpecification","valueRequired":true,"valueName":"search_term_string"}}],"inLanguage":"fr-FR"},{"@type":"Organization","@id":"https:\/\/pureherbcbd.com\/#organization","name":"PureHerb CBD","url":"https:\/\/pureherbcbd.com\/","logo":{"@type":"ImageObject","inLanguage":"fr-FR","@id":"https:\/\/pureherbcbd.com\/#\/schema\/logo\/image\/","url":"https:\/\/pureherbcbd.com\/wp-content\/uploads\/2024\/12\/cropped-YO0zG-a3T8CTm3kgHrHKVw-1.png","contentUrl":"https:\/\/pureherbcbd.com\/wp-content\/uploads\/2024\/12\/cropped-YO0zG-a3T8CTm3kgHrHKVw-1.png","width":1310,"height":443,"caption":"PureHerb CBD"},"image":{"@id":"https:\/\/pureherbcbd.com\/#\/schema\/logo\/image\/"}}]}},"_links":{"self":[{"href":"https:\/\/pureherbcbd.com\/index.php?rest_route=\/wp\/v2\/product\/665","targetHints":{"allow":["GET"]}}],"collection":[{"href":"https:\/\/pureherbcbd.com\/index.php?rest_route=\/wp\/v2\/product"}],"about":[{"href":"https:\/\/pureherbcbd.com\/index.php?rest_route=\/wp\/v2\/types\/product"}],"replies":[{"embeddable":true,"href":"https:\/\/pureherbcbd.com\/index.php?rest_route=%2Fwp%2Fv2%2Fcomments&post=665"}],"wp:featuredmedia":[{"embeddable":true,"href":"https:\/\/pureherbcbd.com\/index.php?rest_route=\/wp\/v2\/media\/666"}],"wp:attachment":[{"href":"https:\/\/pureherbcbd.com\/index.php?rest_route=%2Fwp%2Fv2%2Fmedia&parent=665"}],"wp:term":[{"taxonomy":"product_brand","embeddable":true,"href":"https:\/\/pureherbcbd.com\/index.php?rest_route=%2Fwp%2Fv2%2Fproduct_brand&post=665"},{"taxonomy":"product_cat","embeddable":true,"href":"https:\/\/pureherbcbd.com\/index.php?rest_route=%2Fwp%2Fv2%2Fproduct_cat&post=665"},{"taxonomy":"product_tag","embeddable":true,"href":"https:\/\/pureherbcbd.com\/index.php?rest_route=%2Fwp%2Fv2%2Fproduct_tag&post=665"}],"curies":[{"name":"wp","href":"https:\/\/api.w.org\/{rel}","templated":true}]}}